{"id":1949,"date":"2021-01-20T22:01:53","date_gmt":"2021-01-20T22:01:53","guid":{"rendered":"http:\/\/agustiniano75.net\/?page_id=1949"},"modified":"2021-01-20T22:01:54","modified_gmt":"2021-01-20T22:01:54","slug":"orando-por-su-salud","status":"publish","type":"page","link":"http:\/\/agustiniano75.net\/?page_id=1949","title":{"rendered":"ORANDO POR SU SALUD"},"content":{"rendered":"\n<div class=\"wp-block-image\"><figure class=\"aligncenter\"><img loading=\"lazy\" decoding=\"async\" width=\"973\" height=\"547\" src=\"http:\/\/agustiniano75.net\/wp-content\/uploads\/2021\/01\/cisis-02.jpg\" alt=\"\" class=\"wp-image-1950\" srcset=\"http:\/\/agustiniano75.net\/wp-content\/uploads\/2021\/01\/cisis-02.jpg 973w, http:\/\/agustiniano75.net\/wp-content\/uploads\/2021\/01\/cisis-02-300x169.jpg 300w, http:\/\/agustiniano75.net\/wp-content\/uploads\/2021\/01\/cisis-02-768x432.jpg 768w, http:\/\/agustiniano75.net\/wp-content\/uploads\/2021\/01\/cisis-02-100x56.jpg 100w, http:\/\/agustiniano75.net\/wp-content\/uploads\/2021\/01\/cisis-02-150x84.jpg 150w, http:\/\/agustiniano75.net\/wp-content\/uploads\/2021\/01\/cisis-02-200x112.jpg 200w, http:\/\/agustiniano75.net\/wp-content\/uploads\/2021\/01\/cisis-02-450x253.jpg 450w, http:\/\/agustiniano75.net\/wp-content\/uploads\/2021\/01\/cisis-02-600x337.jpg 600w, http:\/\/agustiniano75.net\/wp-content\/uploads\/2021\/01\/cisis-02-900x506.jpg 900w\" sizes=\"auto, (max-width: 973px) 100vw, 973px\" \/><figcaption>Antes de entrar a la misa<\/figcaption><\/figure><\/div>\n\n\n\n<div class=\"wp-block-image\"><figure class=\"aligncenter\"><img loading=\"lazy\" decoding=\"async\" width=\"871\" height=\"547\" src=\"http:\/\/agustiniano75.net\/wp-content\/uploads\/2021\/01\/crisis-04.jpg\" alt=\"\" class=\"wp-image-1951\" srcset=\"http:\/\/agustiniano75.net\/wp-content\/uploads\/2021\/01\/crisis-04.jpg 871w, http:\/\/agustiniano75.net\/wp-content\/uploads\/2021\/01\/crisis-04-300x188.jpg 300w, http:\/\/agustiniano75.net\/wp-content\/uploads\/2021\/01\/crisis-04-768x482.jpg 768w, http:\/\/agustiniano75.net\/wp-content\/uploads\/2021\/01\/crisis-04-100x63.jpg 100w, http:\/\/agustiniano75.net\/wp-content\/uploads\/2021\/01\/crisis-04-150x94.jpg 150w, http:\/\/agustiniano75.net\/wp-content\/uploads\/2021\/01\/crisis-04-200x126.jpg 200w, http:\/\/agustiniano75.net\/wp-content\/uploads\/2021\/01\/crisis-04-450x283.jpg 450w, http:\/\/agustiniano75.net\/wp-content\/uploads\/2021\/01\/crisis-04-600x377.jpg 600w\" sizes=\"auto, (max-width: 871px) 100vw, 871px\" \/><figcaption>Los hermanos de Mario Orteg\u00f3n nos acompa\u00f1an el la oraci\u00f3n por su salud!<br><br><\/figcaption><\/figure><\/div>\n\n\n\n<figure class=\"wp-block-image\"><img loading=\"lazy\" decoding=\"async\" width=\"729\" height=\"547\" src=\"http:\/\/agustiniano75.net\/wp-content\/uploads\/2021\/01\/crisis-07.jpg\" alt=\"\" class=\"wp-image-1952\" srcset=\"http:\/\/agustiniano75.net\/wp-content\/uploads\/2021\/01\/crisis-07.jpg 729w, http:\/\/agustiniano75.net\/wp-content\/uploads\/2021\/01\/crisis-07-300x225.jpg 300w, http:\/\/agustiniano75.net\/wp-content\/uploads\/2021\/01\/crisis-07-100x75.jpg 100w, http:\/\/agustiniano75.net\/wp-content\/uploads\/2021\/01\/crisis-07-150x113.jpg 150w, http:\/\/agustiniano75.net\/wp-content\/uploads\/2021\/01\/crisis-07-200x150.jpg 200w, http:\/\/agustiniano75.net\/wp-content\/uploads\/2021\/01\/crisis-07-450x338.jpg 450w, http:\/\/agustiniano75.net\/wp-content\/uploads\/2021\/01\/crisis-07-600x450.jpg 600w\" sizes=\"auto, (max-width: 729px) 100vw, 729px\" \/><figcaption>Con la satisfacci\u00f3n del deber cumplido!<br><br><\/figcaption><\/figure>\n","protected":false},"excerpt":{"rendered":"","protected":false},"author":1,"featured_media":0,"parent":0,"menu_order":0,"comment_status":"closed","ping_status":"closed","template":"","meta":{"ngg_post_thumbnail":0,"footnotes":""},"class_list":["post-1949","page","type-page","status-publish","hentry"],"_links":{"self":[{"href":"http:\/\/agustiniano75.net\/index.php?rest_route=\/wp\/v2\/pages\/1949","targetHints":{"allow":["GET"]}}],"collection":[{"href":"http:\/\/agustiniano75.net\/index.php?rest_route=\/wp\/v2\/pages"}],"about":[{"href":"http:\/\/agustiniano75.net\/index.php?rest_route=\/wp\/v2\/types\/page"}],"author":[{"embeddable":true,"href":"http:\/\/agustiniano75.net\/index.php?rest_route=\/wp\/v2\/users\/1"}],"replies":[{"embeddable":true,"href":"http:\/\/agustiniano75.net\/index.php?rest_route=%2Fwp%2Fv2%2Fcomments&post=1949"}],"version-history":[{"count":0,"href":"http:\/\/agustiniano75.net\/index.php?rest_route=\/wp\/v2\/pages\/1949\/revisions"}],"wp:attachment":[{"href":"http:\/\/agustiniano75.net\/index.php?rest_route=%2Fwp%2Fv2%2Fmedia&parent=1949"}],"curies":[{"name":"wp","href":"https:\/\/api.w.org\/{rel}","templated":true}]}}