{"id":29,"date":"2017-02-05T07:09:28","date_gmt":"2017-02-05T07:09:28","guid":{"rendered":"http:\/\/agustiniano75.net\/?page_id=29"},"modified":"2017-02-07T02:49:55","modified_gmt":"2017-02-07T02:49:55","slug":"simbolos","status":"publish","type":"page","link":"https:\/\/agustiniano75.net\/?page_id=29","title":{"rendered":"S\u00edmbolos"},"content":{"rendered":"<p><iframe loading=\"lazy\" src=\"https:\/\/www.youtube.com\/embed\/QMk7qtWoKqU\" width=\"280\" height=\"156\"> <\/iframe><\/p>\n<p style=\"text-align: center;\"><strong><span style=\"color: #333399;\"><em>Amor y ciencia es la consigna que en nuestro escudo hay,<br \/>\n<\/em><\/span> <span style=\"color: #333399;\"><em>yendo tras ella alcanzaremos para siempre triunfar.<\/em><\/span><\/strong><\/p>\n<p style=\"text-align: center;\"><strong><span style=\"color: #333399;\"><em>Es mi bandera roja y azul es claro emblema de juventud<br \/>\n<\/em><\/span> <span style=\"color: #333399;\"><em>que alegre marcha a conseguir lauros y triunfos en buena lid.<\/em><\/span><\/strong><\/p>\n<p style=\"text-align: center;\"><strong><span style=\"color: #333399;\"><em>Lucha en la vida joven de Cristo, que un d\u00eda haz de encontrar<br \/>\n<\/em><\/span> <span style=\"color: #333399;\"><em>ya florecido lo que ahora siembres con firme voluntad.<\/em><\/span><\/strong><\/p>\n<p style=\"text-align: center;\"><strong><span style=\"color: #333399;\"><em>Amor y ciencia es nuestro lema y en las conciencias paz,<br \/>\n<\/em><\/span> <span style=\"color: #333399;\"><em>la patria amada y el deber santo nos mandan estudiar.<br \/>\n<\/em><\/span><\/strong><\/p>\n<p>Letra y m\u00fasica: Padre Ongay Arbe. Versi\u00f3n Juan Gabriel Moya C.<\/p>\n<figure id=\"attachment_30\" aria-describedby=\"caption-attachment-30\" style=\"width: 300px\" class=\"wp-caption alignleft\"><img loading=\"lazy\" decoding=\"async\" src=\"http:\/\/agustiniano75.net\/wp-content\/uploads\/2017\/02\/patrono-300x169.jpg\" alt=\"San Agust\u00edn, nuestro patrono\" width=\"300\" height=\"169\" class=\"size-medium wp-image-30\" srcset=\"https:\/\/agustiniano75.net\/wp-content\/uploads\/2017\/02\/patrono-300x169.jpg 300w, https:\/\/agustiniano75.net\/wp-content\/uploads\/2017\/02\/patrono-100x56.jpg 100w, https:\/\/agustiniano75.net\/wp-content\/uploads\/2017\/02\/patrono-150x84.jpg 150w, https:\/\/agustiniano75.net\/wp-content\/uploads\/2017\/02\/patrono-200x113.jpg 200w, https:\/\/agustiniano75.net\/wp-content\/uploads\/2017\/02\/patrono.jpg 375w\" sizes=\"auto, (max-width: 300px) 100vw, 300px\" \/><figcaption id=\"caption-attachment-30\" class=\"wp-caption-text\"><\/p>\n<header>\n<h2>Patrono<\/h2>\n<\/header>\n<p>San Agust\u00edn <\/p>\n<p>Aurelio Agust\u00edn naci\u00f3 en Tagaste, en el \u00c1frica romana, el 13 de noviembre de 354. <br \/>Para San Agust\u00edn, fe y raz\u00f3n se hallan profundamente vinculadas: sus c\u00e9lebres aforismos \u00abcree para entender\u00bb y \u00abentiende para creer\u00bb (Crede ut intelligas, Intellige ut credas) significan que la fe y la raz\u00f3n, pese a la primac\u00eda de la primera, se iluminan mutuamente. <\/p>\n<p><\/figcaption><\/figure>\n<figure id=\"attachment_167\" aria-describedby=\"caption-attachment-167\" style=\"width: 300px\" class=\"wp-caption alignleft\"><img loading=\"lazy\" decoding=\"async\" src=\"http:\/\/agustiniano75.net\/wp-content\/uploads\/2017\/02\/escudo_fachada_p.jpg\" alt=\"Fachada principal del Colegio\" width=\"300\" height=\"169\" class=\"size-full wp-image-167\" srcset=\"https:\/\/agustiniano75.net\/wp-content\/uploads\/2017\/02\/escudo_fachada_p-100x56.jpg 100w, https:\/\/agustiniano75.net\/wp-content\/uploads\/2017\/02\/escudo_fachada_p-150x84.jpg 150w\" sizes=\"auto, (max-width: 300px) 100vw, 300px\" \/><figcaption id=\"caption-attachment-167\" class=\"wp-caption-text\"><\/p>\n<header>\n<h2>Escudo<\/h2>\n<\/header>\n<p><img loading=\"lazy\" decoding=\"async\" src=\"http:\/\/agustiniano75.net\/wp-content\/uploads\/2017\/02\/escudo_fachada.jpg\" alt=\"Escudo en la fachada principal del Colegio\" width=\"300\" height=\"169\" class=\"size-full wp-image-167\" \/>\t\t\t\t\t\t<\/p>\n<p>Escudo tallado en piedra en la entrada principal del Colegio<br \/>\n\t\t\t\t\t\tCalle 11 # 3-18<br \/>\n\t\t\t\t\t\tBarrio La Candelaria<br \/>\n\t\t\t\t\t\tBogot\u00e1 D. C.<\/p>\n<p><\/figcaption><\/figure>\n<figure id=\"attachment_167\" aria-describedby=\"caption-attachment-167\" style=\"width: 300px\" class=\"wp-caption alignleft\"><img loading=\"lazy\" decoding=\"async\" src=\"http:\/\/agustiniano75.net\/wp-content\/uploads\/2017\/02\/bandera.jpg\" alt=\"Nuestra Bandera\" width=\"300\" height=\"169\" class=\"size-full wp-image-167\" \/><figcaption id=\"caption-attachment-167\" class=\"wp-caption-text\"><\/p>\n<header>\n<h2>Bandera<\/h2>\n<\/header>\n<p align=\"center\">La bandera del Colegio consta de dos franjas iguales: roja y azul.<br \/>\nEl rojo simboliza una juventud ufana, casta, valiente, ansiosa de ciencia y virtud, inquieta, en continua b\u00fasqueda.El azul s\u00edmbolo de la mentalidad agustiniana, orientada por horizontes infinitos que han de ser siempre su gu\u00eda.   <\/p>\n<p><\/figcaption><\/figure>\n<p><a href=\"https:\/\/www.revolvermaps.com\/?target=enlarge&amp;i=5ol6na3jeu9\"><img decoding=\"async\" src=\"\/\/rf.revolvermaps.com\/w\/3\/s\/a\/0\/40\/2\/fff600\/010020\/aa0000\/5ol6na3jeu9.png\" alt=\"Stats\" style=\"border:0;\"><\/a><\/p>\n","protected":false},"excerpt":{"rendered":"<p>Amor y ciencia es la consigna que en nuestro escudo hay, yendo tras ella alcanzaremos para siempre triunfar. Es mi bandera roja y azul es claro emblema de juventud que alegre marcha a conseguir lauros y triunfos en buena lid.<span class=\"ellipsis\">&hellip;<\/span><\/p>\n<div class=\"read-more\"><a href=\"https:\/\/agustiniano75.net\/?page_id=29\">Leer m\u00e1s <span class=\"screen-reader-text\">S\u00edmbolos<\/span><span class=\"meta-nav\"> &#8250;<\/span><\/a><\/div>\n<p><!-- end of .read-more --><\/p>\n","protected":false},"author":1,"featured_media":0,"parent":0,"menu_order":1,"comment_status":"closed","ping_status":"closed","template":"page-templates\/full-width-page.php","meta":{"ngg_post_thumbnail":0,"footnotes":""},"class_list":["post-29","page","type-page","status-publish","hentry"],"_links":{"self":[{"href":"https:\/\/agustiniano75.net\/index.php?rest_route=\/wp\/v2\/pages\/29","targetHints":{"allow":["GET"]}}],"collection":[{"href":"https:\/\/agustiniano75.net\/index.php?rest_route=\/wp\/v2\/pages"}],"about":[{"href":"https:\/\/agustiniano75.net\/index.php?rest_route=\/wp\/v2\/types\/page"}],"author":[{"embeddable":true,"href":"https:\/\/agustiniano75.net\/index.php?rest_route=\/wp\/v2\/users\/1"}],"replies":[{"embeddable":true,"href":"https:\/\/agustiniano75.net\/index.php?rest_route=%2Fwp%2Fv2%2Fcomments&post=29"}],"version-history":[{"count":1,"href":"https:\/\/agustiniano75.net\/index.php?rest_route=\/wp\/v2\/pages\/29\/revisions"}],"predecessor-version":[{"id":2346,"href":"https:\/\/agustiniano75.net\/index.php?rest_route=\/wp\/v2\/pages\/29\/revisions\/2346"}],"wp:attachment":[{"href":"https:\/\/agustiniano75.net\/index.php?rest_route=%2Fwp%2Fv2%2Fmedia&parent=29"}],"curies":[{"name":"wp","href":"https:\/\/api.w.org\/{rel}","templated":true}]}}